{"id":2891,"date":"2024-10-25T12:07:53","date_gmt":"2024-10-25T10:07:53","guid":{"rendered":"https:\/\/montpezat-gers.com\/?page_id=2891"},"modified":"2024-10-25T12:07:53","modified_gmt":"2024-10-25T10:07:53","slug":"sia","status":"publish","type":"page","link":"https:\/\/montpezat-gers.com\/index.php\/sia\/","title":{"rendered":"SIA"},"content":{"rendered":"<div class=\"style-77 style-local-1575-m9 position-relative h-element\" data-colibri-id=\"14-m9\">\n<div class=\"h-global-transition-all colibri-post-content\">\n<p><strong>En cas de difficult\u00e9 pour cr\u00e9er votre compte SIA<\/strong><\/p>\n<p>Les d\u00e9tenteurs ont la possibilit\u00e9 de contacter les services de la pr\u00e9fecture du Gers pour convenir d\u2019un rendez-vous :<\/p>\n<ul>\n<li>soit par courriel \u00e0 l\u2019adresse pref-32-sia@gers.gouv.fr<\/li>\n<li>soit par t\u00e9l\u00e9phone au 05.62.61.43.11<\/li>\n<\/ul>\n<\/div>\n<\/div>\n","protected":false},"excerpt":{"rendered":"<p>En cas de difficult\u00e9 pour cr\u00e9er votre compte SIA Les d\u00e9tenteurs ont la possibilit\u00e9 de contacter les services de la pr\u00e9fecture du Gers pour convenir d\u2019un rendez-vous : soit par courriel \u00e0 l\u2019adresse pref-32-sia@gers.gouv.fr soit par t\u00e9l\u00e9phone au 05.62.61.43.11<\/p>\n","protected":false},"author":1,"featured_media":0,"parent":0,"menu_order":0,"comment_status":"closed","ping_status":"closed","template":"","meta":{"footnotes":""},"class_list":["post-2891","page","type-page","status-publish","hentry"],"_links":{"self":[{"href":"https:\/\/montpezat-gers.com\/index.php\/wp-json\/wp\/v2\/pages\/2891","targetHints":{"allow":["GET"]}}],"collection":[{"href":"https:\/\/montpezat-gers.com\/index.php\/wp-json\/wp\/v2\/pages"}],"about":[{"href":"https:\/\/montpezat-gers.com\/index.php\/wp-json\/wp\/v2\/types\/page"}],"author":[{"embeddable":true,"href":"https:\/\/montpezat-gers.com\/index.php\/wp-json\/wp\/v2\/users\/1"}],"replies":[{"embeddable":true,"href":"https:\/\/montpezat-gers.com\/index.php\/wp-json\/wp\/v2\/comments?post=2891"}],"version-history":[{"count":0,"href":"https:\/\/montpezat-gers.com\/index.php\/wp-json\/wp\/v2\/pages\/2891\/revisions"}],"wp:attachment":[{"href":"https:\/\/montpezat-gers.com\/index.php\/wp-json\/wp\/v2\/media?parent=2891"}],"curies":[{"name":"wp","href":"https:\/\/api.w.org\/{rel}","templated":true}]}}