{"id":101,"date":"2020-12-07T17:45:43","date_gmt":"2020-12-07T16:45:43","guid":{"rendered":"https:\/\/montpezat-gers.com\/?page_id=101"},"modified":"2021-06-28T10:36:39","modified_gmt":"2021-06-28T08:36:39","slug":"les-projets","status":"publish","type":"page","link":"https:\/\/montpezat-gers.com\/index.php\/les-projets\/","title":{"rendered":"Les projets"},"content":{"rendered":"<div data-colibri-id=\"101-c1\" class=\"style-1158 style-local-101-c1 position-relative\">\n  <!---->\n  <div data-colibri-component=\"section\" data-colibri-id=\"101-c2\" id=\"content\" class=\"h-section h-section-global-spacing d-flex align-items-lg-center align-items-md-center align-items-center style-1159 style-local-101-c2 position-relative\">\n    <!---->\n    <!---->\n    <div class=\"h-section-grid-container h-section-boxed-container\">\n      <div data-colibri-id=\"101-c20\" class=\"h-row-container gutters-row-lg-2 gutters-row-md-2 gutters-row-2 gutters-row-v-lg-2 gutters-row-v-md-2 gutters-row-v-2 style-1171 style-local-101-c20 position-relative\">\n        <!---->\n        <div class=\"h-row justify-content-lg-center justify-content-md-center justify-content-center align-items-lg-stretch align-items-md-stretch align-items-stretch gutters-col-lg-2 gutters-col-md-2 gutters-col-2 gutters-col-v-lg-2 gutters-col-v-md-2 gutters-col-v-2\">\n          <!---->\n          <div class=\"h-column h-column-container d-flex h-col-lg-auto h-col-md-auto h-col-auto style-1172-outer style-local-101-c21-outer\">\n            <div data-colibri-id=\"101-c21\" class=\"d-flex h-flex-basis h-column__inner h-px-lg-2 h-px-md-2 h-px-2 v-inner-lg-2 v-inner-md-2 v-inner-2 style-1172 style-local-101-c21 position-relative\">\n              <!---->\n              <!---->\n              <div class=\"w-100 h-y-container h-column__content h-column__v-align flex-basis-100 align-self-lg-start align-self-md-start align-self-start\">\n                <!---->\n                <div data-colibri-id=\"101-c22\" class=\"h-global-transition-all h-heading style-1173 style-local-101-c22 position-relative h-element\">\n                  <!---->\n                  <div class=\"h-heading__outer style-1173 style-local-101-c22\">\n                    <!---->\n                    <!---->\n                    <h2 class=\"\"><em style=\"font-family: Average; font-size: 122%;\">La mairie lance un projet d&#8217;embellissement<\/em><\/h2>\n                  <\/div>\n                <\/div>\n                <div data-colibri-id=\"101-c23\" class=\"h-lead h-text h-text-component style-1174 style-local-101-c23 position-relative h-element\">\n                  <!---->\n                  <!---->\n                  <div class=\"\">\n                    <p><em style=\"font-size: 124%;\">Ce projet est sans nul doute une d\u00e9cision important du conseil municipal pour redonner au bourg centre un aspect moderne tout en respectant l&rsquo;histoire et l&rsquo;architecture de Montp\u00e9zat. <\/em>\n                      <br>\n                    <\/p>\n                  <\/div>\n                <\/div>\n              <\/div>\n            <\/div>\n          <\/div>\n        <\/div>\n      <\/div>\n      <div data-colibri-id=\"101-c3\" class=\"h-row-container gutters-row-lg-2 gutters-row-md-2 gutters-row-2 gutters-row-v-lg-2 gutters-row-v-md-2 gutters-row-v-2 style-1160 style-local-101-c3 position-relative\">\n        <!---->\n        <div class=\"h-row justify-content-lg-center justify-content-md-center justify-content-center align-items-lg-stretch align-items-md-stretch align-items-stretch gutters-col-lg-2 gutters-col-md-2 gutters-col-2 gutters-col-v-lg-2 gutters-col-v-md-2 gutters-col-v-2\">\n          <!---->\n          <div class=\"h-column h-column-container d-flex h-col-lg-auto h-col-md-auto h-col-auto style-1161-outer style-local-101-c4-outer\">\n            <div data-colibri-id=\"101-c4\" class=\"d-flex h-flex-basis h-column__inner h-px-lg-0 h-px-md-0 h-px-0 v-inner-lg-0 v-inner-md-0 v-inner-0 style-1161 style-local-101-c4 position-relative\">\n              <!---->\n              <!---->\n              <div class=\"w-100 h-y-container h-column__content h-column__v-align flex-basis-100 align-self-lg-start align-self-md-start align-self-start\">\n                <!---->\n                <div data-colibri-id=\"101-c5\" class=\"h-row-container gutters-row-lg-2 gutters-row-md-2 gutters-row-2 gutters-row-v-lg-2 gutters-row-v-md-2 gutters-row-v-2 style-1162 style-local-101-c5 position-relative\">\n                  <!---->\n                  <div class=\"h-row justify-content-lg-center justify-content-md-center justify-content-center align-items-lg-stretch align-items-md-stretch align-items-stretch gutters-col-lg-2 gutters-col-md-2 gutters-col-2 gutters-col-v-lg-2 gutters-col-v-md-2 gutters-col-v-2\">\n                    <!---->\n                    <div class=\"h-column h-column-container d-flex h-col-lg-auto h-col-md-auto h-col-auto style-1163-outer style-local-101-c6-outer\">\n                      <div data-colibri-id=\"101-c6\" class=\"d-flex h-flex-basis h-column__inner h-px-lg-0 h-px-md-0 h-px-0 v-inner-lg-0 v-inner-md-0 v-inner-0 style-1163 style-local-101-c6 position-relative\">\n                        <!---->\n                        <!---->\n                        <div class=\"w-100 h-y-container h-column__content h-column__v-align flex-basis-100 align-self-lg-center align-self-md-center align-self-center\">\n                          <!---->\n                          <div data-colibri-id=\"101-c7\" class=\"h-global-transition-all h-heading style-1164 style-local-101-c7 position-relative h-element\">\n                            <!---->\n                            <div class=\"h-heading__outer style-1164 style-local-101-c7\">\n                              <!---->\n                              <!---->\n                              <h4 class=\"\"><em style=\"font-family: Average;\">Objectif<\/em><\/h4>\n                            <\/div>\n                          <\/div>\n                          <div data-colibri-id=\"101-c8\" class=\"h-text h-text-component style-1165 style-local-101-c8 position-relative h-element\">\n                            <!---->\n                            <!---->\n                            <div class=\"\">\n                              <p><em>Ces travaux d&#8217;embellissement vont se d\u00e9rouler en 2021. L&rsquo;entr\u00e9e du village, le monument aux morts, le parvis de l&rsquo;\u00e9glise et la mairie ainsi que les abords de la halle vont b\u00e9n\u00e9ficier d&rsquo;un dallage et d&rsquo;un trottoir en harmonie avec l&rsquo;authenticit\u00e9 du village. <\/em>\n                                <br>\n                              <\/p>\n                            <\/div>\n                          <\/div>\n                        <\/div>\n                      <\/div>\n                    <\/div>\n                    <div class=\"h-column h-column-container d-flex h-col-lg-auto h-col-md-auto h-col-auto style-1166-outer style-local-101-c9-outer\">\n                      <div data-colibri-id=\"101-c9\" class=\"d-flex h-flex-basis h-column__inner h-ui-empty-state-container h-px-lg-0 h-px-md-0 h-px-0 v-inner-lg-0 v-inner-md-0 v-inner-0 style-1166 style-local-101-c9 position-relative\">\n                        <!---->\n                        <!---->\n                        <div class=\"w-100 h-y-container h-column__content h-column__v-align flex-basis-100\">\n                          <!---->\n                        <\/div>\n                      <\/div>\n                    <\/div>\n                  <\/div>\n                <\/div>\n                <div data-colibri-id=\"101-c10\" class=\"h-row-container gutters-row-lg-2 gutters-row-md-2 gutters-row-2 gutters-row-v-lg-2 gutters-row-v-md-2 gutters-row-v-2 style-1162 style-local-101-c10 position-relative\">\n                  <!---->\n                  <div class=\"h-row justify-content-lg-center justify-content-md-center justify-content-center align-items-lg-stretch align-items-md-stretch align-items-stretch gutters-col-lg-2 gutters-col-md-2 gutters-col-2 gutters-col-v-lg-2 gutters-col-v-md-2 gutters-col-v-2\">\n                    <!---->\n                    <div class=\"h-column h-column-container d-flex h-col-lg-auto h-col-md-auto h-col-auto style-1167-outer style-local-101-c11-outer\">\n                      <div data-colibri-id=\"101-c11\" class=\"d-flex h-flex-basis h-column__inner h-ui-empty-state-container h-px-lg-0 h-px-md-0 h-px-0 v-inner-lg-0 v-inner-md-0 v-inner-0 style-1167 style-local-101-c11 position-relative\">\n                        <!---->\n                        <!---->\n                        <div class=\"w-100 h-y-container h-column__content h-column__v-align flex-basis-100\">\n                          <!---->\n                        <\/div>\n                      <\/div>\n                    <\/div>\n                    <div class=\"h-column h-column-container d-flex h-col-lg-auto h-col-md-auto h-col-auto style-1163-outer style-local-101-c12-outer\">\n                      <div data-colibri-id=\"101-c12\" class=\"d-flex h-flex-basis h-column__inner h-px-lg-0 h-px-md-0 h-px-0 v-inner-lg-0 v-inner-md-0 v-inner-0 style-1163 style-local-101-c12 position-relative\">\n                        <!---->\n                        <!---->\n                        <div class=\"w-100 h-y-container h-column__content h-column__v-align flex-basis-100 align-self-lg-center align-self-md-center align-self-center\">\n                          <!---->\n                          <div data-colibri-id=\"101-c13\" class=\"h-global-transition-all h-heading style-1164 style-local-101-c13 position-relative h-element\">\n                            <!---->\n                            <div class=\"h-heading__outer style-1164 style-local-101-c13\">\n                              <!---->\n                              <!---->\n                              <h4 class=\"\">Le projet<\/h4>\n                            <\/div>\n                          <\/div>\n                          <div data-colibri-id=\"101-c14\" class=\"h-text h-text-component style-1168 style-local-101-c14 position-relative h-element\">\n                            <!---->\n                            <!---->\n                            <div class=\"\">\n                              <p><em>Ce projet a \u00e9t\u00e9 confi\u00e9 au cabinet d&rsquo;architecte HDM ( Huc-Duzan et Mattioli) \u00e0 Lombez. Vous pouvez d\u00e9couvrir le plan de masse en t\u00e9l\u00e9chargeant&nbsp; <\/em>\n                                <a href=\"https:\/\/montpezat-gers.com\/wp-admin\" rel=\"nofollow\" class=\"customize-unpreviewable\"><em>ici<\/em><\/a><em>.<\/em>\n                                <br>\n                              <\/p>\n                            <\/div>\n                          <\/div>\n                        <\/div>\n                      <\/div>\n                    <\/div>\n                  <\/div>\n                <\/div>\n                <div data-colibri-id=\"101-c15\" class=\"h-row-container gutters-row-lg-2 gutters-row-md-2 gutters-row-2 gutters-row-v-lg-2 gutters-row-v-md-2 gutters-row-v-2 style-1162 style-local-101-c15 position-relative\">\n                  <!---->\n                  <div class=\"h-row justify-content-lg-center justify-content-md-center justify-content-center align-items-lg-stretch align-items-md-stretch align-items-stretch gutters-col-lg-2 gutters-col-md-2 gutters-col-2 gutters-col-v-lg-2 gutters-col-v-md-2 gutters-col-v-2\">\n                    <!---->\n                    <div class=\"h-column h-column-container d-flex h-col-lg-auto h-col-md-auto h-col-auto style-1163-outer style-local-101-c16-outer\">\n                      <div data-colibri-id=\"101-c16\" class=\"d-flex h-flex-basis h-column__inner h-px-lg-0 h-px-md-0 h-px-0 v-inner-lg-0 v-inner-md-0 v-inner-0 style-1163 style-local-101-c16 position-relative\">\n                        <!---->\n                        <!---->\n                        <div class=\"w-100 h-y-container h-column__content h-column__v-align flex-basis-100 align-self-lg-center align-self-md-center align-self-center\">\n                          <!---->\n                          <div data-colibri-id=\"101-c17\" class=\"h-global-transition-all h-heading style-1164 style-local-101-c17 position-relative h-element\">\n                            <!---->\n                            <div class=\"h-heading__outer style-1164 style-local-101-c17\">\n                              <!---->\n                              <!---->\n                              <h4 class=\"\">Financement de ces travaux<\/h4>\n                            <\/div>\n                          <\/div>\n                          <div data-colibri-id=\"101-c18\" class=\"h-text h-text-component style-1169 style-local-101-c18 position-relative h-element\">\n                            <!---->\n                            <!---->\n                            <div class=\"\">\n                              <p><em>Pour la r\u00e9alisation de ces travaux, la mairie a fait appel \u00e0 diff\u00e9rents patenaires (Etat, R\u00e9gion, Conseil D\u00e9partemental&#8230;). Le montant des travaux est estim\u00e9 \u00e0 285 000 \u20ac ht, la participation de la commune s&rsquo;\u00e9l\u00e8ve \u00e0 20% soit: 57 000 \u20ac ht.<\/em>\n                                <br>\n                              <\/p>\n                            <\/div>\n                          <\/div>\n                        <\/div>\n                      <\/div>\n                    <\/div>\n                    <div class=\"h-column h-column-container d-flex h-col-lg-auto h-col-md-auto h-col-auto style-1170-outer style-local-101-c19-outer\">\n                      <div data-colibri-id=\"101-c19\" class=\"d-flex h-flex-basis h-column__inner h-ui-empty-state-container h-px-lg-0 h-px-md-0 h-px-0 v-inner-lg-0 v-inner-md-0 v-inner-0 style-1170 style-local-101-c19 position-relative\">\n                        <!---->\n                        <!---->\n                        <div class=\"w-100 h-y-container h-column__content h-column__v-align flex-basis-100\">\n                          <!---->\n                        <\/div>\n                      <\/div>\n                    <\/div>\n                  <\/div>\n                <\/div>\n              <\/div>\n            <\/div>\n          <\/div>\n        <\/div>\n      <\/div>\n    <\/div>\n  <\/div>\n<\/div>","protected":false},"excerpt":{"rendered":"<p>La mairie lance un projet d&#8217;embellissement Ce projet est sans nul doute une d\u00e9cision important du conseil municipal pour redonner au bourg centre un aspect moderne tout en respectant l&rsquo;histoire et l&rsquo;architecture de Montp\u00e9zat. Objectif Ces travaux d&#8217;embellissement vont se d\u00e9rouler en 2021. L&rsquo;entr\u00e9e du village, le monument aux morts, le parvis de l&rsquo;\u00e9glise et [&hellip;]<\/p>\n","protected":false},"author":1,"featured_media":0,"parent":0,"menu_order":0,"comment_status":"closed","ping_status":"closed","template":"page-templates\/full-width-page.php","meta":{"footnotes":""},"class_list":["post-101","page","type-page","status-publish","hentry"],"_links":{"self":[{"href":"https:\/\/montpezat-gers.com\/index.php\/wp-json\/wp\/v2\/pages\/101","targetHints":{"allow":["GET"]}}],"collection":[{"href":"https:\/\/montpezat-gers.com\/index.php\/wp-json\/wp\/v2\/pages"}],"about":[{"href":"https:\/\/montpezat-gers.com\/index.php\/wp-json\/wp\/v2\/types\/page"}],"author":[{"embeddable":true,"href":"https:\/\/montpezat-gers.com\/index.php\/wp-json\/wp\/v2\/users\/1"}],"replies":[{"embeddable":true,"href":"https:\/\/montpezat-gers.com\/index.php\/wp-json\/wp\/v2\/comments?post=101"}],"version-history":[{"count":12,"href":"https:\/\/montpezat-gers.com\/index.php\/wp-json\/wp\/v2\/pages\/101\/revisions"}],"predecessor-version":[{"id":2131,"href":"https:\/\/montpezat-gers.com\/index.php\/wp-json\/wp\/v2\/pages\/101\/revisions\/2131"}],"wp:attachment":[{"href":"https:\/\/montpezat-gers.com\/index.php\/wp-json\/wp\/v2\/media?parent=101"}],"curies":[{"name":"wp","href":"https:\/\/api.w.org\/{rel}","templated":true}]}}